{"id":12,"date":"2022-08-31T16:26:05","date_gmt":"2022-08-31T19:26:05","guid":{"rendered":"https:\/\/cygnus.green\/?page_id=12"},"modified":"2022-08-31T16:26:05","modified_gmt":"2022-08-31T19:26:05","slug":"uma-secao-de-pagina-inicial","status":"publish","type":"page","link":"https:\/\/cygnus.green\/?page_id=12","title":{"rendered":"Uma se\u00e7\u00e3o de p\u00e1gina inicial"},"content":{"rendered":"\n<p>Este \u00e9 um exemplo de se\u00e7\u00e3o de p\u00e1gina inicial. Se\u00e7\u00f5es de p\u00e1gina inicial podem ser qualquer outra p\u00e1gina que n\u00e3o a p\u00e1gina inicial em si, incluindo a p\u00e1gina que exibe seus \u00faltimos posts do blog.<\/p>\n","protected":false},"excerpt":{"rendered":"<p>Este \u00e9 um exemplo de se\u00e7\u00e3o de p\u00e1gina inicial. Se\u00e7\u00f5es de p\u00e1gina inicial podem ser qualquer outra p\u00e1gina que n\u00e3o a p\u00e1gina inicial em si, incluindo a p\u00e1gina que exibe seus \u00faltimos posts do blog.<\/p>\n","protected":false},"author":1,"featured_media":0,"parent":0,"menu_order":0,"comment_status":"closed","ping_status":"closed","template":"","meta":{"_et_pb_use_builder":"","_et_pb_old_content":"","_et_gb_content_width":"","footnotes":""},"class_list":["post-12","page","type-page","status-publish","hentry"],"_links":{"self":[{"href":"https:\/\/cygnus.green\/index.php?rest_route=\/wp\/v2\/pages\/12","targetHints":{"allow":["GET"]}}],"collection":[{"href":"https:\/\/cygnus.green\/index.php?rest_route=\/wp\/v2\/pages"}],"about":[{"href":"https:\/\/cygnus.green\/index.php?rest_route=\/wp\/v2\/types\/page"}],"author":[{"embeddable":true,"href":"https:\/\/cygnus.green\/index.php?rest_route=\/wp\/v2\/users\/1"}],"replies":[{"embeddable":true,"href":"https:\/\/cygnus.green\/index.php?rest_route=%2Fwp%2Fv2%2Fcomments&post=12"}],"version-history":[{"count":1,"href":"https:\/\/cygnus.green\/index.php?rest_route=\/wp\/v2\/pages\/12\/revisions"}],"predecessor-version":[{"id":18,"href":"https:\/\/cygnus.green\/index.php?rest_route=\/wp\/v2\/pages\/12\/revisions\/18"}],"wp:attachment":[{"href":"https:\/\/cygnus.green\/index.php?rest_route=%2Fwp%2Fv2%2Fmedia&parent=12"}],"curies":[{"name":"wp","href":"https:\/\/api.w.org\/{rel}","templated":true}]}}